{"id":93,"date":"2023-07-09T13:39:37","date_gmt":"2023-07-09T11:39:37","guid":{"rendered":"https:\/\/slinefizio.hu\/?page_id=93"},"modified":"2024-08-25T18:52:15","modified_gmt":"2024-08-25T16:52:15","slug":"arlista","status":"publish","type":"page","link":"https:\/\/slinefizio.hu\/?page_id=93","title":{"rendered":"\u00c1rlista"},"content":{"rendered":"\t\t<div data-elementor-type=\"wp-page\" data-elementor-id=\"93\" class=\"elementor elementor-93\">\n\t\t\t\t\t\t\t\t\t<section class=\"elementor-section elementor-top-section elementor-element elementor-element-69444fe2 elementor-section-boxed elementor-section-height-default elementor-section-height-default\" data-id=\"69444fe2\" data-element_type=\"section\">\n\t\t\t\t\t\t<div class=\"elementor-container elementor-column-gap-default\">\n\t\t\t\t\t<div class=\"elementor-column elementor-col-100 elementor-top-column elementor-element elementor-element-6e0786cc\" data-id=\"6e0786cc\" data-element_type=\"column\">\n\t\t\t<div class=\"elementor-widget-wrap elementor-element-populated\">\n\t\t\t\t\t\t\t\t<div class=\"elementor-element elementor-element-20fbaff elementor-widget elementor-widget-text-editor\" data-id=\"20fbaff\" data-element_type=\"widget\" data-widget_type=\"text-editor.default\">\n\t\t\t\t<div class=\"elementor-widget-container\">\n\t\t\t<style>\/*! elementor - v3.14.0 - 26-06-2023 *\/\n.elementor-widget-text-editor.elementor-drop-cap-view-stacked .elementor-drop-cap{background-color:#69727d;color:#fff}.elementor-widget-text-editor.elementor-drop-cap-view-framed .elementor-drop-cap{color:#69727d;border:3px solid;background-color:transparent}.elementor-widget-text-editor:not(.elementor-drop-cap-view-default) .elementor-drop-cap{margin-top:8px}.elementor-widget-text-editor:not(.elementor-drop-cap-view-default) .elementor-drop-cap-letter{width:1em;height:1em}.elementor-widget-text-editor .elementor-drop-cap{float:left;text-align:center;line-height:1;font-size:50px}.elementor-widget-text-editor .elementor-drop-cap-letter{display:inline-block}<\/style>\t\t\t\t<p><!-- wp:paragraph --><\/p>\n<p>\u00c1llapotfelm\u00e9r\u00e9s &#8211; 22.000Ft<\/p>\n<p><!-- \/wp:paragraph --><\/p>\n<p><!-- wp:paragraph --><\/p>\n<p><strong>Gy\u00f3gytorna 60 perc<\/strong> &#8211; 15.000Ft<\/p>\n<p><!-- \/wp:paragraph --><\/p>\n<p><!-- wp:paragraph --><\/p>\n<p><strong>Gy\u00f3gytorna 45 perc<\/strong> &#8211; 11.500Ft<\/p>\n<p><!-- \/wp:paragraph --><\/p>\n<p><!-- wp:paragraph --><\/p>\n<p><strong>Gy\u00f3gytorna 30 perc<\/strong> &#8211; 7.500Ft<\/p>\n<p><strong style=\"color: var( --e-global-color-text );\">\u00c1llkapocs \u00edz\u00fcleti gy\u00f3gytorna 30 perc<\/strong><span style=\"color: var( --e-global-color-text ); font-weight: var( --e-global-typography-text-font-weight );\">\u00a0&#8211; 12.000Ft<\/span><\/p>\n<p><strong>Csoportos gy\u00f3gytorna 60 perc<\/strong> &#8211; 11.000Ft\/f\u0151<\/p>\n<p><strong>Csoportos gy\u00f3gytorna 45 perc<\/strong> &#8211; 9.500Ft\/f\u0151<\/p>\n<p><strong>Csoportos gy\u00f3gytorna 30 perc<\/strong> &#8211; 6.500Ft\/f\u0151<\/p>\n<p><!-- \/wp:paragraph --><\/p>\n<p><!-- wp:paragraph --><\/p>\n<p><strong>Sportrehabilit\u00e1ci\u00f3 60 perc<\/strong> &#8211; 19.000Ft<\/p>\n<p><strong>Sportrehabilit\u00e1ci\u00f3 60 perc<\/strong>\u00a0&#8211; 15.000Ft<\/p>\n<p><!-- \/wp:paragraph --><\/p>\n<p><!-- wp:paragraph --><\/p>\n<p><strong>Sportrehabilit\u00e1ci\u00f3 30 perc<\/strong> &#8211; 10.000Ft<\/p>\n<p><!-- \/wp:paragraph --><\/p>\n<p><!-- wp:paragraph {\"fontSize\":\"small\"} --><\/p>\n<p>(Kifejezetten sportol\u00f3ink sz\u00e1m\u00e1ra aj\u00e1nlott csomag mely tartalmazza a gy\u00f3gytorn\u00e1t \u00e9s kieg\u00e9sz\u00edt\u0151 fizikoter\u00e1pi\u00e1s kezel\u00e9seket)<\/p>\n<p><!-- \/wp:paragraph --><\/p>\n<p><!-- wp:paragraph --><\/p>\n<p><strong>Fizikoter\u00e1pi\u00e1s gy\u00f3gytorna<\/strong> &#8211; alapd\u00edj+2000Ft<\/p>\n<p><!-- \/wp:paragraph --><\/p>\n<p><!-- wp:paragraph --><\/p>\n<p><strong>L\u00e1gyl\u00e9zer kezel\u00e9s<\/strong> &#8211; 4.000Ft<\/p>\n<p><!-- \/wp:paragraph --><\/p>\n<p><!-- wp:paragraph --><\/p>\n<p><strong>Ultrahang kezel\u00e9s<\/strong> &#8211; 4.000Ft<\/p>\n<p><!-- \/wp:paragraph --><\/p>\n<p><!-- wp:paragraph --><\/p>\n<p><strong>Elektroter\u00e1pi\u00e1s kezel\u00e9sek<\/strong> &#8211; 4.500Ft<\/p>\n<p><!-- \/wp:paragraph --><\/p>\n<p><!-- wp:paragraph --><\/p>\n<p><strong>Normatec nyirokmassz\u00e1zs kezel\u00e9s 30 perc<\/strong> &#8211; 8.000Ft<\/p>\n<p><!-- \/wp:paragraph --><\/p>\n<p><!-- wp:paragraph --><\/p>\n<p><strong>Kinesio tape felhelyez\u00e9s<\/strong> &#8211; 4.500Ft-t\u00f3l<\/p>\n<p><!-- \/wp:paragraph --><\/p>\n<p><!-- wp:paragraph {\"fontSize\":\"small\"} --><\/p>\n<p>(A felhaszn\u00e1lt anyag k\u00f6lts\u00e9g\u00e9t nem tartalmazza. Anyag: 150Ft\/10 cm)<\/p>\n<p>\u00a0<\/p>\n<p><!-- \/wp:paragraph --><\/p>\t\t\t\t\t\t<\/div>\n\t\t\t\t<\/div>\n\t\t\t\t\t<\/div>\n\t\t<\/div>\n\t\t\t\t\t\t\t<\/div>\n\t\t<\/section>\n\t\t\t\t<section class=\"elementor-section elementor-top-section elementor-element elementor-element-c0c2c71 elementor-section-boxed elementor-section-height-default elementor-section-height-default\" data-id=\"c0c2c71\" data-element_type=\"section\">\n\t\t\t\t\t\t<div class=\"elementor-container elementor-column-gap-default\">\n\t\t\t\t\t<div class=\"elementor-column elementor-col-100 elementor-top-column elementor-element elementor-element-45e545e\" data-id=\"45e545e\" data-element_type=\"column\">\n\t\t\t<div class=\"elementor-widget-wrap elementor-element-populated\">\n\t\t\t\t\t\t\t\t<div class=\"elementor-element elementor-element-e08968c elementor-widget-divider--view-line elementor-widget elementor-widget-divider\" data-id=\"e08968c\" data-element_type=\"widget\" data-widget_type=\"divider.default\">\n\t\t\t\t<div class=\"elementor-widget-container\">\n\t\t\t<style>\/*! elementor - v3.14.0 - 26-06-2023 *\/\n.elementor-widget-divider{--divider-border-style:none;--divider-border-width:1px;--divider-color:#0c0d0e;--divider-icon-size:20px;--divider-element-spacing:10px;--divider-pattern-height:24px;--divider-pattern-size:20px;--divider-pattern-url:none;--divider-pattern-repeat:repeat-x}.elementor-widget-divider .elementor-divider{display:flex}.elementor-widget-divider .elementor-divider__text{font-size:15px;line-height:1;max-width:95%}.elementor-widget-divider .elementor-divider__element{margin:0 var(--divider-element-spacing);flex-shrink:0}.elementor-widget-divider .elementor-icon{font-size:var(--divider-icon-size)}.elementor-widget-divider .elementor-divider-separator{display:flex;margin:0;direction:ltr}.elementor-widget-divider--view-line_icon .elementor-divider-separator,.elementor-widget-divider--view-line_text .elementor-divider-separator{align-items:center}.elementor-widget-divider--view-line_icon .elementor-divider-separator:after,.elementor-widget-divider--view-line_icon .elementor-divider-separator:before,.elementor-widget-divider--view-line_text .elementor-divider-separator:after,.elementor-widget-divider--view-line_text .elementor-divider-separator:before{display:block;content:\"\";border-bottom:0;flex-grow:1;border-top:var(--divider-border-width) var(--divider-border-style) var(--divider-color)}.elementor-widget-divider--element-align-left .elementor-divider .elementor-divider-separator>.elementor-divider__svg:first-of-type{flex-grow:0;flex-shrink:100}.elementor-widget-divider--element-align-left .elementor-divider-separator:before{content:none}.elementor-widget-divider--element-align-left .elementor-divider__element{margin-left:0}.elementor-widget-divider--element-align-right .elementor-divider .elementor-divider-separator>.elementor-divider__svg:last-of-type{flex-grow:0;flex-shrink:100}.elementor-widget-divider--element-align-right .elementor-divider-separator:after{content:none}.elementor-widget-divider--element-align-right .elementor-divider__element{margin-right:0}.elementor-widget-divider:not(.elementor-widget-divider--view-line_text):not(.elementor-widget-divider--view-line_icon) .elementor-divider-separator{border-top:var(--divider-border-width) var(--divider-border-style) var(--divider-color)}.elementor-widget-divider--separator-type-pattern{--divider-border-style:none}.elementor-widget-divider--separator-type-pattern.elementor-widget-divider--view-line .elementor-divider-separator,.elementor-widget-divider--separator-type-pattern:not(.elementor-widget-divider--view-line) .elementor-divider-separator:after,.elementor-widget-divider--separator-type-pattern:not(.elementor-widget-divider--view-line) .elementor-divider-separator:before,.elementor-widget-divider--separator-type-pattern:not([class*=elementor-widget-divider--view]) .elementor-divider-separator{width:100%;min-height:var(--divider-pattern-height);-webkit-mask-size:var(--divider-pattern-size) 100%;mask-size:var(--divider-pattern-size) 100%;-webkit-mask-repeat:var(--divider-pattern-repeat);mask-repeat:var(--divider-pattern-repeat);background-color:var(--divider-color);-webkit-mask-image:var(--divider-pattern-url);mask-image:var(--divider-pattern-url)}.elementor-widget-divider--no-spacing{--divider-pattern-size:auto}.elementor-widget-divider--bg-round{--divider-pattern-repeat:round}.rtl .elementor-widget-divider .elementor-divider__text{direction:rtl}.e-con-inner>.elementor-widget-divider,.e-con>.elementor-widget-divider{width:var(--container-widget-width,100%);--flex-grow:var(--container-widget-flex-grow)}<\/style>\t\t<div class=\"elementor-divider\">\n\t\t\t<span class=\"elementor-divider-separator\">\n\t\t\t\t\t\t<\/span>\n\t\t<\/div>\n\t\t\t\t<\/div>\n\t\t\t\t<\/div>\n\t\t\t\t<div class=\"elementor-element elementor-element-9ea5313 elementor-widget elementor-widget-text-editor\" data-id=\"9ea5313\" data-element_type=\"widget\" data-widget_type=\"text-editor.default\">\n\t\t\t\t<div class=\"elementor-widget-container\">\n\t\t\t\t\t\t\t<p style=\"text-align: center;\"><span style=\"margin: 0px; padding: 0px; border: none; outline: 0px; font-size: 24px; line-height: 1.2em; display: block; font-weight: 600; font-family: Roboto, sans-serif; color: #a94442;\">Felh\u00edvjuk Kedves Vend\u00e9geink figyelm\u00e9t, hogy a lefoglalt id\u0151pont fizet\u00e9si k\u00f6telezetts\u00e9ggel j\u00e1r, \u00edgy a 24 \u00f3r\u00e1n bel\u00fcli id\u0151pont lemond\u00e1s, illetve meg nem jelen\u00e9s eset\u00e9n az elmaradt szolg\u00e1ltat\u00e1s teljes d\u00edja fizetend\u0151 k\u00f6vetkez\u0151 alkalommal<\/span><span style=\"margin: 0px; padding: 0px; border: none; outline: 0px; font-size: 16px; line-height: 13px; font-family: Roboto, sans-serif; color: #a94442;\">Ezzel kapcsolatban tov\u00e1bbi inform\u00e1ci\u00f3kkal \u00f6r\u00f6mmel \u00e1llok rendelkez\u00e9s\u00e9re, k\u00e9rem keressen bizalommal. K\u00f6sz\u00f6nj\u00fck meg\u00e9rt\u00e9s\u00e9t \u00e9s egy\u00fcttm\u0171k\u00f6d\u00e9s\u00e9t. \u00dcdv\u00f6zlettel Sinka Gr\u00e9ta +36301357375<\/span><\/p>\t\t\t\t\t\t<\/div>\n\t\t\t\t<\/div>\n\t\t\t\t\t<\/div>\n\t\t<\/div>\n\t\t\t\t\t\t\t<\/div>\n\t\t<\/section>\n\t\t\t\t<section class=\"elementor-section elementor-top-section elementor-element elementor-element-fae4164 elementor-section-boxed elementor-section-height-default elementor-section-height-default\" data-id=\"fae4164\" data-element_type=\"section\">\n\t\t\t\t\t\t<div class=\"elementor-container elementor-column-gap-default\">\n\t\t\t\t\t<div class=\"elementor-column elementor-col-100 elementor-top-column elementor-element elementor-element-a949719\" data-id=\"a949719\" data-element_type=\"column\">\n\t\t\t<div class=\"elementor-widget-wrap\">\n\t\t\t\t\t\t\t\t\t<\/div>\n\t\t<\/div>\n\t\t\t\t\t\t\t<\/div>\n\t\t<\/section>\n\t\t\t\t\t\t\t<\/div>\n\t\t","protected":false},"excerpt":{"rendered":"<p>\u00c1llapotfelm\u00e9r\u00e9s &#8211; 22.000Ft Gy\u00f3gytorna 60 perc &#8211; 15.000Ft Gy\u00f3gytorna 45<\/p>\n","protected":false},"author":2,"featured_media":0,"parent":0,"menu_order":0,"comment_status":"closed","ping_status":"closed","template":"","meta":{"footnotes":""},"class_list":["post-93","page","type-page","status-publish","hentry"],"_links":{"self":[{"href":"https:\/\/slinefizio.hu\/index.php?rest_route=\/wp\/v2\/pages\/93","targetHints":{"allow":["GET"]}}],"collection":[{"href":"https:\/\/slinefizio.hu\/index.php?rest_route=\/wp\/v2\/pages"}],"about":[{"href":"https:\/\/slinefizio.hu\/index.php?rest_route=\/wp\/v2\/types\/page"}],"author":[{"embeddable":true,"href":"https:\/\/slinefizio.hu\/index.php?rest_route=\/wp\/v2\/users\/2"}],"replies":[{"embeddable":true,"href":"https:\/\/slinefizio.hu\/index.php?rest_route=%2Fwp%2Fv2%2Fcomments&post=93"}],"version-history":[{"count":37,"href":"https:\/\/slinefizio.hu\/index.php?rest_route=\/wp\/v2\/pages\/93\/revisions"}],"predecessor-version":[{"id":255,"href":"https:\/\/slinefizio.hu\/index.php?rest_route=\/wp\/v2\/pages\/93\/revisions\/255"}],"wp:attachment":[{"href":"https:\/\/slinefizio.hu\/index.php?rest_route=%2Fwp%2Fv2%2Fmedia&parent=93"}],"curies":[{"name":"wp","href":"https:\/\/api.w.org\/{rel}","templated":true}]}}