{"id":57,"date":"2023-07-08T19:09:21","date_gmt":"2023-07-08T17:09:21","guid":{"rendered":"https:\/\/slinefizio.hu\/?page_id=57"},"modified":"2023-07-09T16:19:32","modified_gmt":"2023-07-09T14:19:32","slug":"szolgaltatasok-2","status":"publish","type":"page","link":"https:\/\/slinefizio.hu\/?page_id=57","title":{"rendered":"Szolg\u00e1ltat\u00e1sok"},"content":{"rendered":"\t\t<div data-elementor-type=\"wp-page\" data-elementor-id=\"57\" class=\"elementor elementor-57\">\n\t\t\t\t\t\t\t\t\t<section class=\"elementor-section elementor-top-section elementor-element elementor-element-a8d1226 elementor-section-boxed elementor-section-height-default elementor-section-height-default\" data-id=\"a8d1226\" data-element_type=\"section\">\n\t\t\t\t\t\t<div class=\"elementor-container elementor-column-gap-default\">\n\t\t\t\t\t<div class=\"elementor-column elementor-col-50 elementor-top-column elementor-element elementor-element-ca47739\" data-id=\"ca47739\" data-element_type=\"column\">\n\t\t\t<div class=\"elementor-widget-wrap elementor-element-populated\">\n\t\t\t\t\t\t\t\t<div class=\"elementor-element elementor-element-7ff359f elementor-widget-divider--view-line elementor-widget elementor-widget-divider\" data-id=\"7ff359f\" data-element_type=\"widget\" data-widget_type=\"divider.default\">\n\t\t\t\t<div class=\"elementor-widget-container\">\n\t\t\t<style>\/*! elementor - v3.14.0 - 26-06-2023 *\/\n.elementor-widget-divider{--divider-border-style:none;--divider-border-width:1px;--divider-color:#0c0d0e;--divider-icon-size:20px;--divider-element-spacing:10px;--divider-pattern-height:24px;--divider-pattern-size:20px;--divider-pattern-url:none;--divider-pattern-repeat:repeat-x}.elementor-widget-divider .elementor-divider{display:flex}.elementor-widget-divider .elementor-divider__text{font-size:15px;line-height:1;max-width:95%}.elementor-widget-divider .elementor-divider__element{margin:0 var(--divider-element-spacing);flex-shrink:0}.elementor-widget-divider .elementor-icon{font-size:var(--divider-icon-size)}.elementor-widget-divider .elementor-divider-separator{display:flex;margin:0;direction:ltr}.elementor-widget-divider--view-line_icon .elementor-divider-separator,.elementor-widget-divider--view-line_text .elementor-divider-separator{align-items:center}.elementor-widget-divider--view-line_icon .elementor-divider-separator:after,.elementor-widget-divider--view-line_icon .elementor-divider-separator:before,.elementor-widget-divider--view-line_text .elementor-divider-separator:after,.elementor-widget-divider--view-line_text .elementor-divider-separator:before{display:block;content:\"\";border-bottom:0;flex-grow:1;border-top:var(--divider-border-width) var(--divider-border-style) var(--divider-color)}.elementor-widget-divider--element-align-left .elementor-divider .elementor-divider-separator>.elementor-divider__svg:first-of-type{flex-grow:0;flex-shrink:100}.elementor-widget-divider--element-align-left .elementor-divider-separator:before{content:none}.elementor-widget-divider--element-align-left .elementor-divider__element{margin-left:0}.elementor-widget-divider--element-align-right .elementor-divider .elementor-divider-separator>.elementor-divider__svg:last-of-type{flex-grow:0;flex-shrink:100}.elementor-widget-divider--element-align-right .elementor-divider-separator:after{content:none}.elementor-widget-divider--element-align-right .elementor-divider__element{margin-right:0}.elementor-widget-divider:not(.elementor-widget-divider--view-line_text):not(.elementor-widget-divider--view-line_icon) .elementor-divider-separator{border-top:var(--divider-border-width) var(--divider-border-style) var(--divider-color)}.elementor-widget-divider--separator-type-pattern{--divider-border-style:none}.elementor-widget-divider--separator-type-pattern.elementor-widget-divider--view-line .elementor-divider-separator,.elementor-widget-divider--separator-type-pattern:not(.elementor-widget-divider--view-line) .elementor-divider-separator:after,.elementor-widget-divider--separator-type-pattern:not(.elementor-widget-divider--view-line) .elementor-divider-separator:before,.elementor-widget-divider--separator-type-pattern:not([class*=elementor-widget-divider--view]) .elementor-divider-separator{width:100%;min-height:var(--divider-pattern-height);-webkit-mask-size:var(--divider-pattern-size) 100%;mask-size:var(--divider-pattern-size) 100%;-webkit-mask-repeat:var(--divider-pattern-repeat);mask-repeat:var(--divider-pattern-repeat);background-color:var(--divider-color);-webkit-mask-image:var(--divider-pattern-url);mask-image:var(--divider-pattern-url)}.elementor-widget-divider--no-spacing{--divider-pattern-size:auto}.elementor-widget-divider--bg-round{--divider-pattern-repeat:round}.rtl .elementor-widget-divider .elementor-divider__text{direction:rtl}.e-con-inner>.elementor-widget-divider,.e-con>.elementor-widget-divider{width:var(--container-widget-width,100%);--flex-grow:var(--container-widget-flex-grow)}<\/style>\t\t<div class=\"elementor-divider\">\n\t\t\t<span class=\"elementor-divider-separator\">\n\t\t\t\t\t\t<\/span>\n\t\t<\/div>\n\t\t\t\t<\/div>\n\t\t\t\t<\/div>\n\t\t\t\t<div class=\"elementor-element elementor-element-185e3be elementor-widget elementor-widget-text-editor\" data-id=\"185e3be\" data-element_type=\"widget\" data-widget_type=\"text-editor.default\">\n\t\t\t\t<div class=\"elementor-widget-container\">\n\t\t\t<style>\/*! elementor - v3.14.0 - 26-06-2023 *\/\n.elementor-widget-text-editor.elementor-drop-cap-view-stacked .elementor-drop-cap{background-color:#69727d;color:#fff}.elementor-widget-text-editor.elementor-drop-cap-view-framed .elementor-drop-cap{color:#69727d;border:3px solid;background-color:transparent}.elementor-widget-text-editor:not(.elementor-drop-cap-view-default) .elementor-drop-cap{margin-top:8px}.elementor-widget-text-editor:not(.elementor-drop-cap-view-default) .elementor-drop-cap-letter{width:1em;height:1em}.elementor-widget-text-editor .elementor-drop-cap{float:left;text-align:center;line-height:1;font-size:50px}.elementor-widget-text-editor .elementor-drop-cap-letter{display:inline-block}<\/style>\t\t\t\t<p><strong>\u00c1llapotfelm\u00e9r\u00e9s<\/strong><\/p><p>\u00a0<\/p><h6><span style=\"color: #808080;\">Minden beavatkoz\u00e1s alapja egy probl\u00e9ma specifikus \u00e1llapotfelm\u00e9r\u00e9s!\u00a0<\/span><\/h6><h6><span style=\"color: #808080;\">Az alapos, prec\u00edz \u00e1llapotfelm\u00e9r\u00e9s elengedhetetlen a szem\u00e9lyre szabott, megfelel\u0151 kezel\u00e9sek kiv\u00e1laszt\u00e1s\u00e1hoz; kezel\u00e9si terv kialak\u00edt\u00e1s\u00e1hoz.\u00a0<\/span><\/h6><h6><span style=\"color: #808080;\">Rendel\u0151nkben lehet\u0151s\u00e9ge ny\u00edlik kezel\u00e9st\u0151l f\u00fcggetlen\u00fcl is teljes \u00e1llapotfelm\u00e9r\u00e9s ig\u00e9nybev\u00e9tel\u00e9re.\u00a0<\/span><\/h6>\t\t\t\t\t\t<\/div>\n\t\t\t\t<\/div>\n\t\t\t\t\t<\/div>\n\t\t<\/div>\n\t\t\t\t<div class=\"elementor-column elementor-col-50 elementor-top-column elementor-element elementor-element-27b6751\" data-id=\"27b6751\" data-element_type=\"column\">\n\t\t\t<div class=\"elementor-widget-wrap elementor-element-populated\">\n\t\t\t\t\t\t\t\t<div class=\"elementor-element elementor-element-c5366e2 elementor-widget elementor-widget-image\" data-id=\"c5366e2\" data-element_type=\"widget\" data-widget_type=\"image.default\">\n\t\t\t\t<div class=\"elementor-widget-container\">\n\t\t\t<style>\/*! elementor - v3.14.0 - 26-06-2023 *\/\n.elementor-widget-image{text-align:center}.elementor-widget-image a{display:inline-block}.elementor-widget-image a img[src$=\".svg\"]{width:48px}.elementor-widget-image img{vertical-align:middle;display:inline-block}<\/style>\t\t\t\t\t\t\t\t\t\t\t\t<img loading=\"lazy\" decoding=\"async\" width=\"640\" height=\"764\" src=\"https:\/\/slinefizio.hu\/wp-content\/uploads\/2023\/07\/R-858x1024.jpg\" class=\"attachment-large size-large wp-image-84\" alt=\"\" srcset=\"https:\/\/slinefizio.hu\/wp-content\/uploads\/2023\/07\/R-858x1024.jpg 858w, https:\/\/slinefizio.hu\/wp-content\/uploads\/2023\/07\/R-251x300.jpg 251w, https:\/\/slinefizio.hu\/wp-content\/uploads\/2023\/07\/R-768x917.jpg 768w, https:\/\/slinefizio.hu\/wp-content\/uploads\/2023\/07\/R.jpg 1000w\" sizes=\"auto, (max-width: 640px) 100vw, 640px\" \/>\t\t\t\t\t\t\t\t\t\t\t\t\t\t\t<\/div>\n\t\t\t\t<\/div>\n\t\t\t\t\t<\/div>\n\t\t<\/div>\n\t\t\t\t\t\t\t<\/div>\n\t\t<\/section>\n\t\t\t\t<section class=\"elementor-section elementor-top-section elementor-element elementor-element-9c10900 elementor-section-boxed elementor-section-height-default elementor-section-height-default\" data-id=\"9c10900\" data-element_type=\"section\">\n\t\t\t\t\t\t<div class=\"elementor-container elementor-column-gap-default\">\n\t\t\t\t\t<div class=\"elementor-column elementor-col-66 elementor-top-column elementor-element elementor-element-ee48e2c\" data-id=\"ee48e2c\" data-element_type=\"column\">\n\t\t\t<div class=\"elementor-widget-wrap elementor-element-populated\">\n\t\t\t\t\t\t\t\t<div class=\"elementor-element elementor-element-ea7d580 elementor-widget-divider--view-line elementor-widget elementor-widget-divider\" data-id=\"ea7d580\" data-element_type=\"widget\" data-widget_type=\"divider.default\">\n\t\t\t\t<div class=\"elementor-widget-container\">\n\t\t\t\t\t<div class=\"elementor-divider\">\n\t\t\t<span class=\"elementor-divider-separator\">\n\t\t\t\t\t\t<\/span>\n\t\t<\/div>\n\t\t\t\t<\/div>\n\t\t\t\t<\/div>\n\t\t\t\t<div class=\"elementor-element elementor-element-89fa118 elementor-widget__width-initial elementor-widget elementor-widget-text-editor\" data-id=\"89fa118\" data-element_type=\"widget\" data-widget_type=\"text-editor.default\">\n\t\t\t\t<div class=\"elementor-widget-container\">\n\t\t\t\t\t\t\t<p><strong>Sportrehabilit\u00e1ci\u00f3<\/strong><\/p><p>\u00a0<\/p><h6>A sportol\u00f3k sz\u00e1m\u00e1ra kiemelt fontoss\u00e1ggal b\u00edr, hogy a megfelel\u0151 id\u0151ben \u00e9s funkcion\u00e1lis \u00e1llapotban t\u00e9rhessen vissza a mindennapi aktivit\u00e1saiba, sportterhel\u00e9sbe. Ennek el\u0151seg\u00edt\u00e9s\u00e9re k\u00edn\u00e1lunk komplex megold\u00e1st \u00e9s kezel\u00e9si lehet\u0151s\u00e9get.\u00a0<\/h6><h6>Amat\u0151r \u00e9s \u00e9lsportol\u00f3k sz\u00e1m\u00e1ra is egyar\u00e1nt aj\u00e1nljuk szolg\u00e1ltat\u00e1sunkat!<\/h6>\t\t\t\t\t\t<\/div>\n\t\t\t\t<\/div>\n\t\t\t\t\t<\/div>\n\t\t<\/div>\n\t\t\t\t<div class=\"elementor-column elementor-col-33 elementor-top-column elementor-element elementor-element-7a1d370\" data-id=\"7a1d370\" data-element_type=\"column\">\n\t\t\t<div class=\"elementor-widget-wrap elementor-element-populated\">\n\t\t\t\t\t\t\t\t<div class=\"elementor-element elementor-element-23c81b1 elementor-widget elementor-widget-image\" data-id=\"23c81b1\" data-element_type=\"widget\" data-widget_type=\"image.default\">\n\t\t\t\t<div class=\"elementor-widget-container\">\n\t\t\t\t\t\t\t\t\t\t\t\t\t\t\t<img loading=\"lazy\" decoding=\"async\" width=\"526\" height=\"587\" src=\"https:\/\/slinefizio.hu\/wp-content\/uploads\/2023\/07\/sportrehab.jpg\" class=\"attachment-large size-large wp-image-115\" alt=\"\" srcset=\"https:\/\/slinefizio.hu\/wp-content\/uploads\/2023\/07\/sportrehab.jpg 526w, https:\/\/slinefizio.hu\/wp-content\/uploads\/2023\/07\/sportrehab-269x300.jpg 269w\" sizes=\"auto, (max-width: 526px) 100vw, 526px\" \/>\t\t\t\t\t\t\t\t\t\t\t\t\t\t\t<\/div>\n\t\t\t\t<\/div>\n\t\t\t\t\t<\/div>\n\t\t<\/div>\n\t\t\t\t\t\t\t<\/div>\n\t\t<\/section>\n\t\t\t\t<section class=\"elementor-section elementor-top-section elementor-element elementor-element-193206d elementor-section-boxed elementor-section-height-default elementor-section-height-default\" data-id=\"193206d\" data-element_type=\"section\">\n\t\t\t\t\t\t<div class=\"elementor-container elementor-column-gap-default\">\n\t\t\t\t\t<div class=\"elementor-column elementor-col-66 elementor-top-column elementor-element elementor-element-c06db85\" data-id=\"c06db85\" data-element_type=\"column\">\n\t\t\t<div class=\"elementor-widget-wrap elementor-element-populated\">\n\t\t\t\t\t\t\t\t<div class=\"elementor-element elementor-element-0676140 elementor-widget-divider--view-line elementor-widget elementor-widget-divider\" data-id=\"0676140\" data-element_type=\"widget\" data-widget_type=\"divider.default\">\n\t\t\t\t<div class=\"elementor-widget-container\">\n\t\t\t\t\t<div class=\"elementor-divider\">\n\t\t\t<span class=\"elementor-divider-separator\">\n\t\t\t\t\t\t<\/span>\n\t\t<\/div>\n\t\t\t\t<\/div>\n\t\t\t\t<\/div>\n\t\t\t\t<div class=\"elementor-element elementor-element-8798e78 elementor-widget elementor-widget-text-editor\" data-id=\"8798e78\" data-element_type=\"widget\" data-widget_type=\"text-editor.default\">\n\t\t\t\t<div class=\"elementor-widget-container\">\n\t\t\t\t\t\t\t<p><strong>Egy\u00e9ni torna\u00a0<\/strong><\/p><p>\u00a0<\/p><h6 style=\"font-family: 'Times New Roman', sans-serif; color: #7a7a7a;\">Egyre nagyobb szerepet kap a mozg\u00e1sszervi rehabilit\u00e1ci\u00f3ban a megfelel\u0151en adagolt \u00e9s kell\u0151en specifikus gy\u00f3gytorna. Ennek alapj\u00e1t a biomechanikai, anat\u00f3miai \u00e9s \u00e9lettani ismeretek fejl\u0151d\u00e9se adja.\u00a0<\/h6><h6 style=\"font-family: 'Times New Roman', sans-serif; color: #7a7a7a;\"><span style=\"text-decoration-line: underline;\">Prevenci\u00f3<\/span><\/h6><h6 style=\"font-family: 'Times New Roman', sans-serif; color: #7a7a7a;\">Sportol\u00f3k eset\u00e9ben rendk\u00edv\u00fcl fontos, hogy az esetlegesen bek\u00f6vetkez\u0151 s\u00e9r\u00fcl\u00e9sek elej\u00e9t vegy\u00fck \u00e9s megel\u0151zz\u00fck ezek kialakul\u00e1s\u00e1t. Ennek remek eszk\u00f6ze a sport\u00e1gspecifikus (az adott sportra jellemz\u0151 mozg\u00e1sanyag ismeret\u00e9re \u00e9p\u00edt\u0151) prevenci\u00f3s program. Azonban a nem sportol\u00f3 szem\u00e9lyek sz\u00e1m\u00e1ra is nagy fontoss\u00e1ggal b\u00edr a prevenci\u00f3, hiszen megel\u0151zhet\u0151 vagy lass\u00edthat\u00f3 az egyes sz\u00f6vetek t\u00falterhel\u00e9se, a porckop\u00e1s term\u00e9szetes folyamata vagy ak\u00e1r a hanyagtart\u00e1s kialakul\u00e1sa is.<\/h6><h6 style=\"font-family: 'Times New Roman', sans-serif; color: #7a7a7a;\"><span style=\"text-decoration-line: underline;\">Ter\u00e1pia:<\/span><\/h6><h6 style=\"font-family: 'Times New Roman', sans-serif; color: #7a7a7a;\">Fenn\u00e1ll\u00f3 t\u00fcnetek eset\u00e9n hat\u00e9kony gy\u00f3gym\u00f3d, rendszeres alkalmaz\u00e1sa eset\u00e9n cs\u00f6kkenthet\u0151ek \u00e9s ak\u00e1r meg is sz\u00fcntethet\u0151ek a panaszok. A mobiliz\u00e1ci\u00f3s technik\u00e1k, a mozg\u00e1sminta jav\u00edt\u00e1sa, vagy ergon\u00f3miai tan\u00e1csad\u00e1s szint\u00e9n a ter\u00e1pia r\u00e9sz\u00e9t k\u00e9pezi.<\/h6>\t\t\t\t\t\t<\/div>\n\t\t\t\t<\/div>\n\t\t\t\t\t<\/div>\n\t\t<\/div>\n\t\t\t\t<div class=\"elementor-column elementor-col-33 elementor-top-column elementor-element elementor-element-35b33b6\" data-id=\"35b33b6\" data-element_type=\"column\">\n\t\t\t<div class=\"elementor-widget-wrap elementor-element-populated\">\n\t\t\t\t\t\t\t\t<div class=\"elementor-element elementor-element-ac9712b elementor-widget elementor-widget-image\" data-id=\"ac9712b\" data-element_type=\"widget\" data-widget_type=\"image.default\">\n\t\t\t\t<div class=\"elementor-widget-container\">\n\t\t\t\t\t\t\t\t\t\t\t\t\t\t\t<img loading=\"lazy\" decoding=\"async\" width=\"512\" height=\"364\" src=\"https:\/\/slinefizio.hu\/wp-content\/uploads\/2023\/07\/online-torna.webp\" class=\"attachment-large size-large wp-image-78\" alt=\"\" srcset=\"https:\/\/slinefizio.hu\/wp-content\/uploads\/2023\/07\/online-torna.webp 512w, https:\/\/slinefizio.hu\/wp-content\/uploads\/2023\/07\/online-torna-300x213.webp 300w\" sizes=\"auto, (max-width: 512px) 100vw, 512px\" \/>\t\t\t\t\t\t\t\t\t\t\t\t\t\t\t<\/div>\n\t\t\t\t<\/div>\n\t\t\t\t\t<\/div>\n\t\t<\/div>\n\t\t\t\t\t\t\t<\/div>\n\t\t<\/section>\n\t\t\t\t<section class=\"elementor-section elementor-top-section elementor-element elementor-element-fc36ab0 elementor-section-boxed elementor-section-height-default elementor-section-height-default\" data-id=\"fc36ab0\" data-element_type=\"section\">\n\t\t\t\t\t\t<div class=\"elementor-container elementor-column-gap-default\">\n\t\t\t\t\t<div class=\"elementor-column elementor-col-66 elementor-top-column elementor-element elementor-element-384c171\" data-id=\"384c171\" data-element_type=\"column\">\n\t\t\t<div class=\"elementor-widget-wrap elementor-element-populated\">\n\t\t\t\t\t\t\t\t<div class=\"elementor-element elementor-element-8d685a4 elementor-widget-divider--view-line elementor-widget elementor-widget-divider\" data-id=\"8d685a4\" data-element_type=\"widget\" data-widget_type=\"divider.default\">\n\t\t\t\t<div class=\"elementor-widget-container\">\n\t\t\t\t\t<div class=\"elementor-divider\">\n\t\t\t<span class=\"elementor-divider-separator\">\n\t\t\t\t\t\t<\/span>\n\t\t<\/div>\n\t\t\t\t<\/div>\n\t\t\t\t<\/div>\n\t\t\t\t<div class=\"elementor-element elementor-element-66a4e1f elementor-widget elementor-widget-text-editor\" data-id=\"66a4e1f\" data-element_type=\"widget\" data-widget_type=\"text-editor.default\">\n\t\t\t\t<div class=\"elementor-widget-container\">\n\t\t\t\t\t\t\t<p><strong>Schroth ter\u00e1pia<\/strong><\/p><p>\u00a0<\/p><h6>A Schroth ter\u00e1pia annak k\u00f6sz\u00f6nheti hat\u00e1soss\u00e1g\u00e1t, hogy a 3 dimenzi\u00f3s elv\u00e1ltoz\u00e1sokat 3 dimenzi\u00f3s l\u00e9gz\u00e9stechnik\u00e1val \u00e9s az erre \u00e9p\u00edtett izomfesz\u00fcl\u00e9sekkel korrig\u00e1lja.\u00a0<\/h6><h6>A digitaliz\u00e1ci\u00f3 kor\u00e1ban egyre nagyobb ar\u00e1nyban fordul el\u0151 a gerincferd\u00fcl\u00e9s a gyermekek k\u00f6r\u00e9ben, mely negat\u00edvan befoly\u00e1solhatja az \u00e9letmin\u0151s\u00e9get is.<\/h6><h6>Fontos, hogy a n\u00f6veked\u00e9s kor\u00e1ban a sz\u00fcl\u0151k figyelj\u00e9k gyermek\u00fck testtart\u00e1s\u00e1t \u00e9s amennyiben b\u00e1rmilyen elt\u00e9r\u00e9st v\u00e9lnek felfedezni keressenek szakembert, hiszen min\u00e9l el\u0151bb elkezd\u0151dik a megfelel\u0151 kezel\u00e9s, ann\u00e1l jobb eredm\u00e9ny \u00e9rhet\u0151 el.<\/h6>\t\t\t\t\t\t<\/div>\n\t\t\t\t<\/div>\n\t\t\t\t\t<\/div>\n\t\t<\/div>\n\t\t\t\t<div class=\"elementor-column elementor-col-33 elementor-top-column elementor-element elementor-element-6a6f960\" data-id=\"6a6f960\" data-element_type=\"column\">\n\t\t\t<div class=\"elementor-widget-wrap elementor-element-populated\">\n\t\t\t\t\t\t\t\t<div class=\"elementor-element elementor-element-52dccf8 elementor-widget elementor-widget-image\" data-id=\"52dccf8\" data-element_type=\"widget\" data-widget_type=\"image.default\">\n\t\t\t\t<div class=\"elementor-widget-container\">\n\t\t\t\t\t\t\t\t\t\t\t\t\t\t\t<img loading=\"lazy\" decoding=\"async\" width=\"640\" height=\"800\" src=\"https:\/\/slinefizio.hu\/wp-content\/uploads\/2023\/07\/schroth-819x1024.jpg\" class=\"attachment-large size-large wp-image-82\" alt=\"\" srcset=\"https:\/\/slinefizio.hu\/wp-content\/uploads\/2023\/07\/schroth-819x1024.jpg 819w, https:\/\/slinefizio.hu\/wp-content\/uploads\/2023\/07\/schroth-240x300.jpg 240w, https:\/\/slinefizio.hu\/wp-content\/uploads\/2023\/07\/schroth-768x960.jpg 768w, https:\/\/slinefizio.hu\/wp-content\/uploads\/2023\/07\/schroth-1229x1536.jpg 1229w, https:\/\/slinefizio.hu\/wp-content\/uploads\/2023\/07\/schroth-1024x1280.jpg 1024w, https:\/\/slinefizio.hu\/wp-content\/uploads\/2023\/07\/schroth.jpg 1250w\" sizes=\"auto, (max-width: 640px) 100vw, 640px\" \/>\t\t\t\t\t\t\t\t\t\t\t\t\t\t\t<\/div>\n\t\t\t\t<\/div>\n\t\t\t\t\t<\/div>\n\t\t<\/div>\n\t\t\t\t\t\t\t<\/div>\n\t\t<\/section>\n\t\t\t\t<section class=\"elementor-section elementor-top-section elementor-element elementor-element-4553a5c elementor-section-boxed elementor-section-height-default elementor-section-height-default\" data-id=\"4553a5c\" data-element_type=\"section\">\n\t\t\t\t\t\t<div class=\"elementor-container elementor-column-gap-default\">\n\t\t\t\t\t<div class=\"elementor-column elementor-col-66 elementor-top-column elementor-element elementor-element-a8b8bd8\" data-id=\"a8b8bd8\" data-element_type=\"column\">\n\t\t\t<div class=\"elementor-widget-wrap elementor-element-populated\">\n\t\t\t\t\t\t\t\t<div class=\"elementor-element elementor-element-e827d3c elementor-widget-divider--view-line elementor-widget elementor-widget-divider\" data-id=\"e827d3c\" data-element_type=\"widget\" data-widget_type=\"divider.default\">\n\t\t\t\t<div class=\"elementor-widget-container\">\n\t\t\t\t\t<div class=\"elementor-divider\">\n\t\t\t<span class=\"elementor-divider-separator\">\n\t\t\t\t\t\t<\/span>\n\t\t<\/div>\n\t\t\t\t<\/div>\n\t\t\t\t<\/div>\n\t\t\t\t<div class=\"elementor-element elementor-element-6664a5b elementor-widget elementor-widget-text-editor\" data-id=\"6664a5b\" data-element_type=\"widget\" data-widget_type=\"text-editor.default\">\n\t\t\t\t<div class=\"elementor-widget-container\">\n\t\t\t\t\t\t\t<p><strong>Kinesio tape felhelyez\u00e9s<\/strong><\/p><p>\u00a0<\/p><h6>Mozg\u00e1sszervi probl\u00e9m\u00e1k kezel\u00e9s\u00e9nek hat\u00e1sos kieg\u00e9sz\u00edt\u00e9s\u00e9t teszi lehet\u0151v\u00e9. Felhelyez\u00e9s\u00e9t indokolhatja egy kezel\u00e9s hat\u00e1s\u00e1nak hossz\u00fat\u00e1v\u00fa fenntart\u00e1sa, korrekci\u00f3, s\u00e9r\u00fclt izom tehermentes\u00edt\u00e9se, izomlaz\u00edt\u00e1s, tov\u00e1bb\u00e1 duzzanat\/vizesed\u00e9s elvezet\u00e9se a s\u00e9r\u00fcl ter\u00fcletr\u0151l. M\u0171t\u00e9tek ut\u00e1ni rehabilit\u00e1ci\u00f3ban is kiv\u00e1l\u00f3an haszn\u00e1lhat\u00f3.\u00a0<\/h6>\t\t\t\t\t\t<\/div>\n\t\t\t\t<\/div>\n\t\t\t\t\t<\/div>\n\t\t<\/div>\n\t\t\t\t<div class=\"elementor-column elementor-col-33 elementor-top-column elementor-element elementor-element-3a95db1\" data-id=\"3a95db1\" data-element_type=\"column\">\n\t\t\t<div class=\"elementor-widget-wrap elementor-element-populated\">\n\t\t\t\t\t\t\t\t<div class=\"elementor-element elementor-element-445d3f4 elementor-widget elementor-widget-image\" data-id=\"445d3f4\" data-element_type=\"widget\" data-widget_type=\"image.default\">\n\t\t\t\t<div class=\"elementor-widget-container\">\n\t\t\t\t\t\t\t\t\t\t\t\t\t\t\t<img loading=\"lazy\" decoding=\"async\" width=\"640\" height=\"427\" src=\"https:\/\/slinefizio.hu\/wp-content\/uploads\/2023\/07\/kinesio-tape.webp\" class=\"attachment-large size-large wp-image-76\" alt=\"\" srcset=\"https:\/\/slinefizio.hu\/wp-content\/uploads\/2023\/07\/kinesio-tape.webp 1000w, https:\/\/slinefizio.hu\/wp-content\/uploads\/2023\/07\/kinesio-tape-300x200.webp 300w, https:\/\/slinefizio.hu\/wp-content\/uploads\/2023\/07\/kinesio-tape-768x512.webp 768w\" sizes=\"auto, (max-width: 640px) 100vw, 640px\" \/>\t\t\t\t\t\t\t\t\t\t\t\t\t\t\t<\/div>\n\t\t\t\t<\/div>\n\t\t\t\t\t<\/div>\n\t\t<\/div>\n\t\t\t\t\t\t\t<\/div>\n\t\t<\/section>\n\t\t\t\t<section class=\"elementor-section elementor-top-section elementor-element elementor-element-228ca7d elementor-section-boxed elementor-section-height-default elementor-section-height-default\" data-id=\"228ca7d\" data-element_type=\"section\">\n\t\t\t\t\t\t<div class=\"elementor-container elementor-column-gap-default\">\n\t\t\t\t\t<div class=\"elementor-column elementor-col-66 elementor-top-column elementor-element elementor-element-ae0dfb5\" data-id=\"ae0dfb5\" data-element_type=\"column\">\n\t\t\t<div class=\"elementor-widget-wrap elementor-element-populated\">\n\t\t\t\t\t\t\t\t<div class=\"elementor-element elementor-element-a04babc elementor-widget-divider--view-line elementor-widget elementor-widget-divider\" data-id=\"a04babc\" data-element_type=\"widget\" data-widget_type=\"divider.default\">\n\t\t\t\t<div class=\"elementor-widget-container\">\n\t\t\t\t\t<div class=\"elementor-divider\">\n\t\t\t<span class=\"elementor-divider-separator\">\n\t\t\t\t\t\t<\/span>\n\t\t<\/div>\n\t\t\t\t<\/div>\n\t\t\t\t<\/div>\n\t\t\t\t<div class=\"elementor-element elementor-element-b2258fa elementor-widget elementor-widget-text-editor\" data-id=\"b2258fa\" data-element_type=\"widget\" data-widget_type=\"text-editor.default\">\n\t\t\t\t<div class=\"elementor-widget-container\">\n\t\t\t\t\t\t\t<p><strong>Fizikoter\u00e1pi\u00e1s kezel\u00e9sek<\/strong><\/p><p>\u00a0<\/p><h6>\u00d6n\u00e1ll\u00f3 ter\u00e1piak\u00e9nt \u00e9s kieg\u00e9sz\u00edt\u0151 gy\u00f3gym\u00f3dk\u00e9nt is v\u00e1laszthat\u00f3 kezel\u00e9si form\u00e1k. Jelent\u0151s eredm\u00e9nyek \u00e9rhet\u0151ek el fizikoter\u00e1pi\u00e1val a f\u00e1jdalomcsillap\u00edt\u00e1sban, izomlaz\u00edt\u00e1sban, duzzanatcs\u00f6kkent\u00e9sben \u00e9s gyullad\u00e1scs\u00f6kkent\u00e9sben is.<\/h6><h6>Kezel\u00e9sek:<\/h6><h6>&#8211; elektroter\u00e1pia<\/h6><h6>-elektroter\u00e1pia<\/h6><h6>-l\u00e1gyl\u00e9zer ter\u00e1pia<\/h6><h6>-ultrahang<\/h6>\t\t\t\t\t\t<\/div>\n\t\t\t\t<\/div>\n\t\t\t\t\t<\/div>\n\t\t<\/div>\n\t\t\t\t<div class=\"elementor-column elementor-col-33 elementor-top-column elementor-element elementor-element-ad2b728\" data-id=\"ad2b728\" data-element_type=\"column\">\n\t\t\t<div class=\"elementor-widget-wrap elementor-element-populated\">\n\t\t\t\t\t\t\t\t<div class=\"elementor-element elementor-element-986a1dc elementor-widget elementor-widget-image\" data-id=\"986a1dc\" data-element_type=\"widget\" data-widget_type=\"image.default\">\n\t\t\t\t<div class=\"elementor-widget-container\">\n\t\t\t\t\t\t\t\t\t\t\t\t\t\t\t<img loading=\"lazy\" decoding=\"async\" width=\"474\" height=\"316\" src=\"https:\/\/slinefizio.hu\/wp-content\/uploads\/2023\/07\/OIP.jpg\" class=\"attachment-large size-large wp-image-118\" alt=\"\" srcset=\"https:\/\/slinefizio.hu\/wp-content\/uploads\/2023\/07\/OIP.jpg 474w, https:\/\/slinefizio.hu\/wp-content\/uploads\/2023\/07\/OIP-300x200.jpg 300w\" sizes=\"auto, (max-width: 474px) 100vw, 474px\" \/>\t\t\t\t\t\t\t\t\t\t\t\t\t\t\t<\/div>\n\t\t\t\t<\/div>\n\t\t\t\t\t<\/div>\n\t\t<\/div>\n\t\t\t\t\t\t\t<\/div>\n\t\t<\/section>\n\t\t\t\t\t\t\t<\/div>\n\t\t","protected":false},"excerpt":{"rendered":"<p>\u00c1llapotfelm\u00e9r\u00e9s \u00a0 Minden beavatkoz\u00e1s alapja egy probl\u00e9ma specifikus \u00e1llapotfelm\u00e9r\u00e9s!\u00a0 Az<\/p>\n","protected":false},"author":2,"featured_media":0,"parent":0,"menu_order":0,"comment_status":"closed","ping_status":"closed","template":"","meta":{"footnotes":""},"class_list":["post-57","page","type-page","status-publish","hentry"],"_links":{"self":[{"href":"https:\/\/slinefizio.hu\/index.php?rest_route=\/wp\/v2\/pages\/57","targetHints":{"allow":["GET"]}}],"collection":[{"href":"https:\/\/slinefizio.hu\/index.php?rest_route=\/wp\/v2\/pages"}],"about":[{"href":"https:\/\/slinefizio.hu\/index.php?rest_route=\/wp\/v2\/types\/page"}],"author":[{"embeddable":true,"href":"https:\/\/slinefizio.hu\/index.php?rest_route=\/wp\/v2\/users\/2"}],"replies":[{"embeddable":true,"href":"https:\/\/slinefizio.hu\/index.php?rest_route=%2Fwp%2Fv2%2Fcomments&post=57"}],"version-history":[{"count":12,"href":"https:\/\/slinefizio.hu\/index.php?rest_route=\/wp\/v2\/pages\/57\/revisions"}],"predecessor-version":[{"id":134,"href":"https:\/\/slinefizio.hu\/index.php?rest_route=\/wp\/v2\/pages\/57\/revisions\/134"}],"wp:attachment":[{"href":"https:\/\/slinefizio.hu\/index.php?rest_route=%2Fwp%2Fv2%2Fmedia&parent=57"}],"curies":[{"name":"wp","href":"https:\/\/api.w.org\/{rel}","templated":true}]}}