{"id":121,"date":"2023-07-09T15:54:10","date_gmt":"2023-07-09T13:54:10","guid":{"rendered":"https:\/\/slinefizio.hu\/?page_id=121"},"modified":"2023-12-09T14:14:47","modified_gmt":"2023-12-09T13:14:47","slug":"akikre-buszkek-lehetunk","status":"publish","type":"page","link":"https:\/\/slinefizio.hu\/?page_id=121","title":{"rendered":"Akikre b\u00fcszk\u00e9k lehet\u00fcnk"},"content":{"rendered":"\t\t<div data-elementor-type=\"wp-page\" data-elementor-id=\"121\" class=\"elementor elementor-121\">\n\t\t\t\t\t\t\t\t\t<section class=\"elementor-section elementor-top-section elementor-element elementor-element-9a2de79 elementor-section-boxed elementor-section-height-default elementor-section-height-default\" data-id=\"9a2de79\" data-element_type=\"section\">\n\t\t\t\t\t\t<div class=\"elementor-container elementor-column-gap-default\">\n\t\t\t\t\t<div class=\"elementor-column elementor-col-50 elementor-top-column elementor-element elementor-element-7541c5d\" data-id=\"7541c5d\" data-element_type=\"column\">\n\t\t\t<div class=\"elementor-widget-wrap elementor-element-populated\">\n\t\t\t\t\t\t\t\t<div class=\"elementor-element elementor-element-9250443 elementor-widget__width-initial elementor-widget elementor-widget-image\" data-id=\"9250443\" data-element_type=\"widget\" data-widget_type=\"image.default\">\n\t\t\t\t<div class=\"elementor-widget-container\">\n\t\t\t<style>\/*! elementor - v3.14.0 - 26-06-2023 *\/\n.elementor-widget-image{text-align:center}.elementor-widget-image a{display:inline-block}.elementor-widget-image a img[src$=\".svg\"]{width:48px}.elementor-widget-image img{vertical-align:middle;display:inline-block}<\/style>\t\t\t\t\t\t\t\t\t\t\t\t<img loading=\"lazy\" decoding=\"async\" width=\"640\" height=\"960\" src=\"https:\/\/slinefizio.hu\/wp-content\/uploads\/2023\/07\/Vandus-683x1024.jpg\" class=\"attachment-large size-large wp-image-136\" alt=\"\" srcset=\"https:\/\/slinefizio.hu\/wp-content\/uploads\/2023\/07\/Vandus-683x1024.jpg 683w, https:\/\/slinefizio.hu\/wp-content\/uploads\/2023\/07\/Vandus-200x300.jpg 200w, https:\/\/slinefizio.hu\/wp-content\/uploads\/2023\/07\/Vandus-768x1151.jpg 768w, https:\/\/slinefizio.hu\/wp-content\/uploads\/2023\/07\/Vandus-1025x1536.jpg 1025w, https:\/\/slinefizio.hu\/wp-content\/uploads\/2023\/07\/Vandus-1024x1535.jpg 1024w, https:\/\/slinefizio.hu\/wp-content\/uploads\/2023\/07\/Vandus.jpg 1366w\" sizes=\"auto, (max-width: 640px) 100vw, 640px\" \/>\t\t\t\t\t\t\t\t\t\t\t\t\t\t\t<\/div>\n\t\t\t\t<\/div>\n\t\t\t\t\t<\/div>\n\t\t<\/div>\n\t\t\t\t<div class=\"elementor-column elementor-col-50 elementor-top-column elementor-element elementor-element-60b731b\" data-id=\"60b731b\" data-element_type=\"column\">\n\t\t\t<div class=\"elementor-widget-wrap elementor-element-populated\">\n\t\t\t\t\t\t\t\t<div class=\"elementor-element elementor-element-45e3c58 elementor-widget elementor-widget-text-editor\" data-id=\"45e3c58\" data-element_type=\"widget\" data-widget_type=\"text-editor.default\">\n\t\t\t\t<div class=\"elementor-widget-container\">\n\t\t\t<style>\/*! elementor - v3.14.0 - 26-06-2023 *\/\n.elementor-widget-text-editor.elementor-drop-cap-view-stacked .elementor-drop-cap{background-color:#69727d;color:#fff}.elementor-widget-text-editor.elementor-drop-cap-view-framed .elementor-drop-cap{color:#69727d;border:3px solid;background-color:transparent}.elementor-widget-text-editor:not(.elementor-drop-cap-view-default) .elementor-drop-cap{margin-top:8px}.elementor-widget-text-editor:not(.elementor-drop-cap-view-default) .elementor-drop-cap-letter{width:1em;height:1em}.elementor-widget-text-editor .elementor-drop-cap{float:left;text-align:center;line-height:1;font-size:50px}.elementor-widget-text-editor .elementor-drop-cap-letter{display:inline-block}<\/style>\t\t\t\t<h3><strong>V\u00e1lyi Vanda<\/strong><\/h3><p>\u00a0<\/p><h4>Olimpiai bronz\u00e9rmes v\u00e1logatott v\u00edzilabd\u00e1z\u00f3<\/h4>\t\t\t\t\t\t<\/div>\n\t\t\t\t<\/div>\n\t\t\t\t\t<\/div>\n\t\t<\/div>\n\t\t\t\t\t\t\t<\/div>\n\t\t<\/section>\n\t\t\t\t<section class=\"elementor-section elementor-top-section elementor-element elementor-element-6e931a5 elementor-section-boxed elementor-section-height-default elementor-section-height-default\" data-id=\"6e931a5\" data-element_type=\"section\">\n\t\t\t\t\t\t<div class=\"elementor-container elementor-column-gap-default\">\n\t\t\t\t\t<div class=\"elementor-column elementor-col-50 elementor-top-column elementor-element elementor-element-2055c2d\" data-id=\"2055c2d\" data-element_type=\"column\">\n\t\t\t<div class=\"elementor-widget-wrap elementor-element-populated\">\n\t\t\t\t\t\t\t\t<div class=\"elementor-element elementor-element-44872c4 elementor-widget__width-initial elementor-widget elementor-widget-image\" data-id=\"44872c4\" data-element_type=\"widget\" data-widget_type=\"image.default\">\n\t\t\t\t<div class=\"elementor-widget-container\">\n\t\t\t\t\t\t\t\t\t\t\t\t\t\t\t<img loading=\"lazy\" decoding=\"async\" width=\"640\" height=\"778\" src=\"https:\/\/slinefizio.hu\/wp-content\/uploads\/2023\/07\/Miki-2-842x1024.jpg\" class=\"attachment-large size-large wp-image-141\" alt=\"\" srcset=\"https:\/\/slinefizio.hu\/wp-content\/uploads\/2023\/07\/Miki-2-842x1024.jpg 842w, https:\/\/slinefizio.hu\/wp-content\/uploads\/2023\/07\/Miki-2-247x300.jpg 247w, https:\/\/slinefizio.hu\/wp-content\/uploads\/2023\/07\/Miki-2-768x934.jpg 768w, https:\/\/slinefizio.hu\/wp-content\/uploads\/2023\/07\/Miki-2.jpg 902w\" sizes=\"auto, (max-width: 640px) 100vw, 640px\" \/>\t\t\t\t\t\t\t\t\t\t\t\t\t\t\t<\/div>\n\t\t\t\t<\/div>\n\t\t\t\t\t<\/div>\n\t\t<\/div>\n\t\t\t\t<div class=\"elementor-column elementor-col-50 elementor-top-column elementor-element elementor-element-a6a384e\" data-id=\"a6a384e\" data-element_type=\"column\">\n\t\t\t<div class=\"elementor-widget-wrap elementor-element-populated\">\n\t\t\t\t\t\t\t\t<div class=\"elementor-element elementor-element-183531b elementor-widget elementor-widget-text-editor\" data-id=\"183531b\" data-element_type=\"widget\" data-widget_type=\"text-editor.default\">\n\t\t\t\t<div class=\"elementor-widget-container\">\n\t\t\t\t\t\t\t<h3 style=\"font-family: 'Times New Roman', sans-serif; color: #7a7a7a;\">Karai Mikl\u00f3s<\/h3><p>\u00a0<\/p><h4 style=\"font-family: 'Times New Roman', sans-serif; color: #7a7a7a;\">Junior Vil\u00e1gbajnoki ez\u00fcst\u00e9rmes v\u00e1logatott k\u00e9zilabd\u00e1z\u00f3<\/h4>\t\t\t\t\t\t<\/div>\n\t\t\t\t<\/div>\n\t\t\t\t\t<\/div>\n\t\t<\/div>\n\t\t\t\t\t\t\t<\/div>\n\t\t<\/section>\n\t\t\t\t<section class=\"elementor-section elementor-top-section elementor-element elementor-element-a4ca52d elementor-section-boxed elementor-section-height-default elementor-section-height-default\" data-id=\"a4ca52d\" data-element_type=\"section\">\n\t\t\t\t\t\t<div class=\"elementor-container elementor-column-gap-default\">\n\t\t\t\t\t<div class=\"elementor-column elementor-col-50 elementor-top-column elementor-element elementor-element-e0af945\" data-id=\"e0af945\" data-element_type=\"column\">\n\t\t\t<div class=\"elementor-widget-wrap elementor-element-populated\">\n\t\t\t\t\t\t\t\t<div class=\"elementor-element elementor-element-97f5375 elementor-widget__width-initial elementor-widget elementor-widget-image\" data-id=\"97f5375\" data-element_type=\"widget\" data-widget_type=\"image.default\">\n\t\t\t\t<div class=\"elementor-widget-container\">\n\t\t\t\t\t\t\t\t\t\t\t\t\t\t\t<img loading=\"lazy\" decoding=\"async\" width=\"640\" height=\"777\" src=\"https:\/\/slinefizio.hu\/wp-content\/uploads\/2023\/07\/Bence-843x1024.jpg\" class=\"attachment-large size-large wp-image-142\" alt=\"\" srcset=\"https:\/\/slinefizio.hu\/wp-content\/uploads\/2023\/07\/Bence-843x1024.jpg 843w, https:\/\/slinefizio.hu\/wp-content\/uploads\/2023\/07\/Bence-247x300.jpg 247w, https:\/\/slinefizio.hu\/wp-content\/uploads\/2023\/07\/Bence-768x933.jpg 768w, https:\/\/slinefizio.hu\/wp-content\/uploads\/2023\/07\/Bence.jpg 900w\" sizes=\"auto, (max-width: 640px) 100vw, 640px\" \/>\t\t\t\t\t\t\t\t\t\t\t\t\t\t\t<\/div>\n\t\t\t\t<\/div>\n\t\t\t\t\t<\/div>\n\t\t<\/div>\n\t\t\t\t<div class=\"elementor-column elementor-col-50 elementor-top-column elementor-element elementor-element-934d486\" data-id=\"934d486\" data-element_type=\"column\">\n\t\t\t<div class=\"elementor-widget-wrap elementor-element-populated\">\n\t\t\t\t\t\t\t\t<div class=\"elementor-element elementor-element-ad43f8c elementor-widget elementor-widget-text-editor\" data-id=\"ad43f8c\" data-element_type=\"widget\" data-widget_type=\"text-editor.default\">\n\t\t\t\t<div class=\"elementor-widget-container\">\n\t\t\t\t\t\t\t<h3 style=\"font-family: 'Times New Roman', sans-serif; color: #7a7a7a;\"><strong>Burony Bence<\/strong><\/h3><p>\u00a0<\/p><h4 style=\"font-family: 'Times New Roman', sans-serif; color: #7a7a7a;\">Feln\u0151tt els\u0151oszt\u00e1ly\u00fa k\u00e9zilabd\u00e1z\u00f3<\/h4>\t\t\t\t\t\t<\/div>\n\t\t\t\t<\/div>\n\t\t\t\t\t<\/div>\n\t\t<\/div>\n\t\t\t\t\t\t\t<\/div>\n\t\t<\/section>\n\t\t\t\t<section class=\"elementor-section elementor-top-section elementor-element elementor-element-4349765 elementor-section-boxed elementor-section-height-default elementor-section-height-default\" data-id=\"4349765\" data-element_type=\"section\">\n\t\t\t\t\t\t<div class=\"elementor-container elementor-column-gap-default\">\n\t\t\t\t\t<div class=\"elementor-column elementor-col-50 elementor-top-column elementor-element elementor-element-8758627\" data-id=\"8758627\" data-element_type=\"column\">\n\t\t\t<div class=\"elementor-widget-wrap elementor-element-populated\">\n\t\t\t\t\t\t\t\t<div class=\"elementor-element elementor-element-b9255dd elementor-widget__width-initial elementor-widget elementor-widget-image\" data-id=\"b9255dd\" data-element_type=\"widget\" data-widget_type=\"image.default\">\n\t\t\t\t<div class=\"elementor-widget-container\">\n\t\t\t\t\t\t\t\t\t\t\t\t\t\t\t<img loading=\"lazy\" decoding=\"async\" width=\"640\" height=\"640\" src=\"https:\/\/slinefizio.hu\/wp-content\/uploads\/2023\/07\/szabi.jpg\" class=\"attachment-large size-large wp-image-138\" alt=\"\" srcset=\"https:\/\/slinefizio.hu\/wp-content\/uploads\/2023\/07\/szabi.jpg 720w, https:\/\/slinefizio.hu\/wp-content\/uploads\/2023\/07\/szabi-300x300.jpg 300w, https:\/\/slinefizio.hu\/wp-content\/uploads\/2023\/07\/szabi-150x150.jpg 150w\" sizes=\"auto, (max-width: 640px) 100vw, 640px\" \/>\t\t\t\t\t\t\t\t\t\t\t\t\t\t\t<\/div>\n\t\t\t\t<\/div>\n\t\t\t\t\t<\/div>\n\t\t<\/div>\n\t\t\t\t<div class=\"elementor-column elementor-col-50 elementor-top-column elementor-element elementor-element-4a64ec3\" data-id=\"4a64ec3\" data-element_type=\"column\">\n\t\t\t<div class=\"elementor-widget-wrap elementor-element-populated\">\n\t\t\t\t\t\t\t\t<div class=\"elementor-element elementor-element-fa91d88 elementor-widget elementor-widget-text-editor\" data-id=\"fa91d88\" data-element_type=\"widget\" data-widget_type=\"text-editor.default\">\n\t\t\t\t<div class=\"elementor-widget-container\">\n\t\t\t\t\t\t\t<h3 style=\"font-family: 'Times New Roman', sans-serif; color: #7a7a7a;\"><strong>T\u00f3th Szabolcs<\/strong><\/h3><p>\u00a0<\/p><h4 style=\"font-family: 'Times New Roman', sans-serif; color: #7a7a7a;\">Feln\u0151tt els\u0151oszt\u00e1ly\u00fa k\u00e9zilabd\u00e1z\u00f3<\/h4>\t\t\t\t\t\t<\/div>\n\t\t\t\t<\/div>\n\t\t\t\t\t<\/div>\n\t\t<\/div>\n\t\t\t\t\t\t\t<\/div>\n\t\t<\/section>\n\t\t\t\t<section class=\"elementor-section elementor-top-section elementor-element elementor-element-cdc71ae elementor-section-boxed elementor-section-height-default elementor-section-height-default\" data-id=\"cdc71ae\" data-element_type=\"section\">\n\t\t\t\t\t\t<div class=\"elementor-container elementor-column-gap-default\">\n\t\t\t\t\t<div class=\"elementor-column elementor-col-50 elementor-top-column elementor-element elementor-element-a795448\" data-id=\"a795448\" data-element_type=\"column\">\n\t\t\t<div class=\"elementor-widget-wrap elementor-element-populated\">\n\t\t\t\t\t\t\t\t<div class=\"elementor-element elementor-element-f8e0e06 elementor-widget__width-initial elementor-widget elementor-widget-image\" data-id=\"f8e0e06\" data-element_type=\"widget\" data-widget_type=\"image.default\">\n\t\t\t\t<div class=\"elementor-widget-container\">\n\t\t\t\t\t\t\t\t\t\t\t\t\t\t\t<img loading=\"lazy\" decoding=\"async\" width=\"640\" height=\"640\" src=\"https:\/\/slinefizio.hu\/wp-content\/uploads\/2023\/07\/pepe-1024x1024.jpg\" class=\"attachment-large size-large wp-image-139\" alt=\"\" srcset=\"https:\/\/slinefizio.hu\/wp-content\/uploads\/2023\/07\/pepe-1024x1024.jpg 1024w, https:\/\/slinefizio.hu\/wp-content\/uploads\/2023\/07\/pepe-300x300.jpg 300w, https:\/\/slinefizio.hu\/wp-content\/uploads\/2023\/07\/pepe-150x150.jpg 150w, https:\/\/slinefizio.hu\/wp-content\/uploads\/2023\/07\/pepe-768x768.jpg 768w, https:\/\/slinefizio.hu\/wp-content\/uploads\/2023\/07\/pepe.jpg 1080w\" sizes=\"auto, (max-width: 640px) 100vw, 640px\" \/>\t\t\t\t\t\t\t\t\t\t\t\t\t\t\t<\/div>\n\t\t\t\t<\/div>\n\t\t\t\t\t<\/div>\n\t\t<\/div>\n\t\t\t\t<div class=\"elementor-column elementor-col-50 elementor-top-column elementor-element elementor-element-012a9de\" data-id=\"012a9de\" data-element_type=\"column\">\n\t\t\t<div class=\"elementor-widget-wrap elementor-element-populated\">\n\t\t\t\t\t\t\t\t<div class=\"elementor-element elementor-element-3a031e3 elementor-widget elementor-widget-text-editor\" data-id=\"3a031e3\" data-element_type=\"widget\" data-widget_type=\"text-editor.default\">\n\t\t\t\t<div class=\"elementor-widget-container\">\n\t\t\t\t\t\t\t<h3 style=\"font-family: 'Times New Roman', sans-serif; color: #7a7a7a;\"><strong>Kende P\u00e9ter<\/strong><\/h3><p>\u00a0<\/p><h4 style=\"font-family: 'Times New Roman', sans-serif; color: #7a7a7a;\">Feln\u0151tt els\u0151oszt\u00e1ly\u00fa k\u00e9zilabd\u00e1z\u00f3<\/h4>\t\t\t\t\t\t<\/div>\n\t\t\t\t<\/div>\n\t\t\t\t\t<\/div>\n\t\t<\/div>\n\t\t\t\t\t\t\t<\/div>\n\t\t<\/section>\n\t\t\t\t<section class=\"elementor-section elementor-top-section elementor-element elementor-element-9b03187 elementor-section-boxed elementor-section-height-default elementor-section-height-default\" data-id=\"9b03187\" data-element_type=\"section\">\n\t\t\t\t\t\t<div class=\"elementor-container elementor-column-gap-default\">\n\t\t\t\t\t<div class=\"elementor-column elementor-col-50 elementor-top-column elementor-element elementor-element-2c5ee77\" data-id=\"2c5ee77\" data-element_type=\"column\">\n\t\t\t<div class=\"elementor-widget-wrap elementor-element-populated\">\n\t\t\t\t\t\t\t\t<div class=\"elementor-element elementor-element-12b44af elementor-widget__width-initial elementor-widget elementor-widget-image\" data-id=\"12b44af\" data-element_type=\"widget\" data-widget_type=\"image.default\">\n\t\t\t\t<div class=\"elementor-widget-container\">\n\t\t\t\t\t\t\t\t\t\t\t\t\t\t\t<img loading=\"lazy\" decoding=\"async\" width=\"640\" height=\"978\" src=\"https:\/\/slinefizio.hu\/wp-content\/uploads\/2023\/07\/Anna-1-670x1024.jpg\" class=\"attachment-large size-large wp-image-144\" alt=\"\" srcset=\"https:\/\/slinefizio.hu\/wp-content\/uploads\/2023\/07\/Anna-1-670x1024.jpg 670w, https:\/\/slinefizio.hu\/wp-content\/uploads\/2023\/07\/Anna-1-196x300.jpg 196w, https:\/\/slinefizio.hu\/wp-content\/uploads\/2023\/07\/Anna-1-768x1173.jpg 768w, https:\/\/slinefizio.hu\/wp-content\/uploads\/2023\/07\/Anna-1-1005x1536.jpg 1005w, https:\/\/slinefizio.hu\/wp-content\/uploads\/2023\/07\/Anna-1-1024x1564.jpg 1024w, https:\/\/slinefizio.hu\/wp-content\/uploads\/2023\/07\/Anna-1.jpg 1080w\" sizes=\"auto, (max-width: 640px) 100vw, 640px\" \/>\t\t\t\t\t\t\t\t\t\t\t\t\t\t\t<\/div>\n\t\t\t\t<\/div>\n\t\t\t\t\t<\/div>\n\t\t<\/div>\n\t\t\t\t<div class=\"elementor-column elementor-col-50 elementor-top-column elementor-element elementor-element-04710b1\" data-id=\"04710b1\" data-element_type=\"column\">\n\t\t\t<div class=\"elementor-widget-wrap elementor-element-populated\">\n\t\t\t\t\t\t\t\t<div class=\"elementor-element elementor-element-dc088f5 elementor-widget elementor-widget-text-editor\" data-id=\"dc088f5\" data-element_type=\"widget\" data-widget_type=\"text-editor.default\">\n\t\t\t\t<div class=\"elementor-widget-container\">\n\t\t\t\t\t\t\t<h3 style=\"font-family: 'Times New Roman', sans-serif; color: #7a7a7a;\"><strong>Ballai Anna<\/strong><\/h3><p style=\"font-weight: 400;\">\u00a0<\/p><h4 style=\"font-family: 'Times New Roman', sans-serif; color: #7a7a7a;\">Feln\u0151tt els\u0151oszt\u00e1ly\u00fa k\u00e9zilabd\u00e1z\u00f3<\/h4>\t\t\t\t\t\t<\/div>\n\t\t\t\t<\/div>\n\t\t\t\t\t<\/div>\n\t\t<\/div>\n\t\t\t\t\t\t\t<\/div>\n\t\t<\/section>\n\t\t\t\t<section class=\"elementor-section elementor-top-section elementor-element elementor-element-ab11672 elementor-section-boxed elementor-section-height-default elementor-section-height-default\" data-id=\"ab11672\" data-element_type=\"section\">\n\t\t\t\t\t\t<div class=\"elementor-container elementor-column-gap-default\">\n\t\t\t\t\t<div class=\"elementor-column elementor-col-50 elementor-top-column elementor-element elementor-element-ce79818\" data-id=\"ce79818\" data-element_type=\"column\">\n\t\t\t<div class=\"elementor-widget-wrap elementor-element-populated\">\n\t\t\t\t\t\t\t\t<div class=\"elementor-element elementor-element-72fe7db elementor-widget elementor-widget-image\" data-id=\"72fe7db\" data-element_type=\"widget\" data-widget_type=\"image.default\">\n\t\t\t\t<div class=\"elementor-widget-container\">\n\t\t\t\t\t\t\t\t\t\t\t\t\t\t\t<img loading=\"lazy\" decoding=\"async\" width=\"640\" height=\"758\" src=\"https:\/\/slinefizio.hu\/wp-content\/uploads\/2023\/12\/Dorka-e1702126850578.jpg\" class=\"attachment-large size-large wp-image-222\" alt=\"\" srcset=\"https:\/\/slinefizio.hu\/wp-content\/uploads\/2023\/12\/Dorka-e1702126850578.jpg 810w, https:\/\/slinefizio.hu\/wp-content\/uploads\/2023\/12\/Dorka-e1702126850578-253x300.jpg 253w, https:\/\/slinefizio.hu\/wp-content\/uploads\/2023\/12\/Dorka-e1702126850578-768x909.jpg 768w\" sizes=\"auto, (max-width: 640px) 100vw, 640px\" \/>\t\t\t\t\t\t\t\t\t\t\t\t\t\t\t<\/div>\n\t\t\t\t<\/div>\n\t\t\t\t\t<\/div>\n\t\t<\/div>\n\t\t\t\t<div class=\"elementor-column elementor-col-50 elementor-top-column elementor-element elementor-element-e45844d\" data-id=\"e45844d\" data-element_type=\"column\">\n\t\t\t<div class=\"elementor-widget-wrap elementor-element-populated\">\n\t\t\t\t\t\t\t\t<div class=\"elementor-element elementor-element-2b0e8b2 elementor-widget elementor-widget-text-editor\" data-id=\"2b0e8b2\" data-element_type=\"widget\" data-widget_type=\"text-editor.default\">\n\t\t\t\t<div class=\"elementor-widget-container\">\n\t\t\t\t\t\t\t\t\t\t\t\t\t<\/div>\n\t\t\t\t<\/div>\n\t\t\t\t<div class=\"elementor-element elementor-element-c1534a3 elementor-widget__width-initial elementor-widget elementor-widget-text-editor\" data-id=\"c1534a3\" data-element_type=\"widget\" data-widget_type=\"text-editor.default\">\n\t\t\t\t<div class=\"elementor-widget-container\">\n\t\t\t\t\t\t\t<h3 style=\"font-family: 'Times New Roman', sans-serif; color: #7a7a7a;\"><strong>Szil\u00e1gyi Dorottya<\/strong><\/h3><p>\u00a0<\/p><h4 style=\"font-family: 'Times New Roman', sans-serif; color: #7a7a7a;\">Olimpiai bronz\u00e9rmes v\u00e1logatott v\u00edzilabd\u00e1z\u00f3<\/h4>\t\t\t\t\t\t<\/div>\n\t\t\t\t<\/div>\n\t\t\t\t\t<\/div>\n\t\t<\/div>\n\t\t\t\t\t\t\t<\/div>\n\t\t<\/section>\n\t\t\t\t<section class=\"elementor-section elementor-top-section elementor-element elementor-element-ebcb316 elementor-section-boxed elementor-section-height-default elementor-section-height-default\" data-id=\"ebcb316\" data-element_type=\"section\">\n\t\t\t\t\t\t<div class=\"elementor-container elementor-column-gap-default\">\n\t\t\t\t\t<div class=\"elementor-column elementor-col-50 elementor-top-column elementor-element elementor-element-7fc9e2f\" data-id=\"7fc9e2f\" data-element_type=\"column\">\n\t\t\t<div class=\"elementor-widget-wrap elementor-element-populated\">\n\t\t\t\t\t\t\t\t<div class=\"elementor-element elementor-element-5dc7899 elementor-widget elementor-widget-image\" data-id=\"5dc7899\" data-element_type=\"widget\" data-widget_type=\"image.default\">\n\t\t\t\t<div class=\"elementor-widget-container\">\n\t\t\t\t\t\t\t\t\t\t\t\t\t\t\t<img loading=\"lazy\" decoding=\"async\" width=\"640\" height=\"800\" src=\"https:\/\/slinefizio.hu\/wp-content\/uploads\/2023\/12\/Greta2-819x1024.jpg\" class=\"attachment-large size-large wp-image-224\" alt=\"\" srcset=\"https:\/\/slinefizio.hu\/wp-content\/uploads\/2023\/12\/Greta2-819x1024.jpg 819w, https:\/\/slinefizio.hu\/wp-content\/uploads\/2023\/12\/Greta2-240x300.jpg 240w, https:\/\/slinefizio.hu\/wp-content\/uploads\/2023\/12\/Greta2-768x960.jpg 768w, https:\/\/slinefizio.hu\/wp-content\/uploads\/2023\/12\/Greta2-1024x1280.jpg 1024w, https:\/\/slinefizio.hu\/wp-content\/uploads\/2023\/12\/Greta2.jpg 1152w\" sizes=\"auto, (max-width: 640px) 100vw, 640px\" \/>\t\t\t\t\t\t\t\t\t\t\t\t\t\t\t<\/div>\n\t\t\t\t<\/div>\n\t\t\t\t\t<\/div>\n\t\t<\/div>\n\t\t\t\t<div class=\"elementor-column elementor-col-50 elementor-top-column elementor-element elementor-element-e868999\" data-id=\"e868999\" data-element_type=\"column\">\n\t\t\t<div class=\"elementor-widget-wrap elementor-element-populated\">\n\t\t\t\t\t\t\t\t<div class=\"elementor-element elementor-element-fff2d09 elementor-widget elementor-widget-text-editor\" data-id=\"fff2d09\" data-element_type=\"widget\" data-widget_type=\"text-editor.default\">\n\t\t\t\t<div class=\"elementor-widget-container\">\n\t\t\t\t\t\t\t\t\t\t\t\t\t<\/div>\n\t\t\t\t<\/div>\n\t\t\t\t<div class=\"elementor-element elementor-element-fc04ddd elementor-widget__width-initial elementor-widget elementor-widget-text-editor\" data-id=\"fc04ddd\" data-element_type=\"widget\" data-widget_type=\"text-editor.default\">\n\t\t\t\t<div class=\"elementor-widget-container\">\n\t\t\t\t\t\t\t<h3 style=\"font-family: 'Times New Roman', sans-serif; color: #7a7a7a;\">Gurisatti Gr\u00e9ta<\/h3><p>\u00a0<\/p><h4 style=\"font-family: 'Times New Roman', sans-serif; color: #7a7a7a;\">Olimpiai bronz\u00e9rmes v\u00e1logatott v\u00edzilabd\u00e1z\u00f3<\/h4>\t\t\t\t\t\t<\/div>\n\t\t\t\t<\/div>\n\t\t\t\t\t<\/div>\n\t\t<\/div>\n\t\t\t\t\t\t\t<\/div>\n\t\t<\/section>\n\t\t\t\t<section class=\"elementor-section elementor-top-section elementor-element elementor-element-8e46b20 elementor-section-boxed elementor-section-height-default elementor-section-height-default\" data-id=\"8e46b20\" data-element_type=\"section\">\n\t\t\t\t\t\t<div class=\"elementor-container elementor-column-gap-default\">\n\t\t\t\t\t<div class=\"elementor-column elementor-col-100 elementor-top-column elementor-element elementor-element-89f4df2\" data-id=\"89f4df2\" data-element_type=\"column\">\n\t\t\t<div class=\"elementor-widget-wrap\">\n\t\t\t\t\t\t\t\t\t<\/div>\n\t\t<\/div>\n\t\t\t\t\t\t\t<\/div>\n\t\t<\/section>\n\t\t\t\t\t\t\t<\/div>\n\t\t","protected":false},"excerpt":{"rendered":"<p>V\u00e1lyi Vanda \u00a0 Olimpiai bronz\u00e9rmes v\u00e1logatott v\u00edzilabd\u00e1z\u00f3 Karai Mikl\u00f3s \u00a0<\/p>\n","protected":false},"author":2,"featured_media":0,"parent":0,"menu_order":0,"comment_status":"closed","ping_status":"closed","template":"","meta":{"footnotes":""},"class_list":["post-121","page","type-page","status-publish","hentry"],"_links":{"self":[{"href":"https:\/\/slinefizio.hu\/index.php?rest_route=\/wp\/v2\/pages\/121","targetHints":{"allow":["GET"]}}],"collection":[{"href":"https:\/\/slinefizio.hu\/index.php?rest_route=\/wp\/v2\/pages"}],"about":[{"href":"https:\/\/slinefizio.hu\/index.php?rest_route=\/wp\/v2\/types\/page"}],"author":[{"embeddable":true,"href":"https:\/\/slinefizio.hu\/index.php?rest_route=\/wp\/v2\/users\/2"}],"replies":[{"embeddable":true,"href":"https:\/\/slinefizio.hu\/index.php?rest_route=%2Fwp%2Fv2%2Fcomments&post=121"}],"version-history":[{"count":7,"href":"https:\/\/slinefizio.hu\/index.php?rest_route=\/wp\/v2\/pages\/121\/revisions"}],"predecessor-version":[{"id":227,"href":"https:\/\/slinefizio.hu\/index.php?rest_route=\/wp\/v2\/pages\/121\/revisions\/227"}],"wp:attachment":[{"href":"https:\/\/slinefizio.hu\/index.php?rest_route=%2Fwp%2Fv2%2Fmedia&parent=121"}],"curies":[{"name":"wp","href":"https:\/\/api.w.org\/{rel}","templated":true}]}}